{"id":1056,"date":"2023-11-20T09:05:35","date_gmt":"2023-11-20T08:05:35","guid":{"rendered":"https:\/\/vinisfera.fr\/degustation-vin\/?page_id=1056"},"modified":"2023-11-20T09:10:30","modified_gmt":"2023-11-20T08:10:30","slug":"ateliers-jouer","status":"publish","type":"page","link":"https:\/\/vinisfera.fr\/degustation-vin\/ateliers-jouer\/","title":{"rendered":"Ateliers Jouer autour du vin"},"content":{"rendered":"\n<p><strong>Dans ces ateliers, vous jouez en solo ou en \u00e9quipe, au choix. Les th\u00e9matiques seront adapt\u00e9es \u00e0 vos connaissances du vin afin que tout le monde puisse participer et prendre du plaisir. On peut jouer autour des c\u00e9pages, des r\u00e9gions, des pays<\/strong>&#8230;<strong>  <\/strong> <\/p>\n\n\n\n<div class=\"wp-block-media-text alignwide is-stacked-on-mobile is-vertically-aligned-top is-image-fill\" style=\"grid-template-columns:36% auto\" id=\"battle\"><figure class=\"wp-block-media-text__media\" style=\"background-image:url(https:\/\/vinisfera.fr\/wp-content\/uploads\/2023\/11\/wine-glasses-1266944_1280-681x1024.jpg);background-position:44% 42%\"><img fetchpriority=\"high\" decoding=\"async\" width=\"681\" height=\"1024\" src=\"https:\/\/vinisfera.fr\/wp-content\/uploads\/2023\/11\/wine-glasses-1266944_1280-681x1024.jpg\" alt=\"\" class=\"wp-image-1057 size-full\" srcset=\"https:\/\/vinisfera.fr\/wp-content\/uploads\/2023\/11\/wine-glasses-1266944_1280-681x1024.jpg 681w, https:\/\/vinisfera.fr\/wp-content\/uploads\/2023\/11\/wine-glasses-1266944_1280-199x300.jpg 199w, https:\/\/vinisfera.fr\/wp-content\/uploads\/2023\/11\/wine-glasses-1266944_1280-768x1155.jpg 768w, https:\/\/vinisfera.fr\/wp-content\/uploads\/2023\/11\/wine-glasses-1266944_1280.jpg 851w\" sizes=\"(max-width: 681px) 100vw, 681px\" \/><\/figure><div class=\"wp-block-media-text__content\"><style>.wp-block-kadence-advancedheading.kt-adv-heading1056_f0510a-f6, .wp-block-kadence-advancedheading.kt-adv-heading1056_f0510a-f6[data-kb-block=\"kb-adv-heading1056_f0510a-f6\"]{font-size:25px;font-style:normal;}.wp-block-kadence-advancedheading.kt-adv-heading1056_f0510a-f6 mark.kt-highlight, .wp-block-kadence-advancedheading.kt-adv-heading1056_f0510a-f6[data-kb-block=\"kb-adv-heading1056_f0510a-f6\"] mark.kt-highlight{font-style:normal;color:#f76a0c;-webkit-box-decoration-break:clone;box-decoration-break:clone;padding-top:0px;padding-right:0px;padding-bottom:0px;padding-left:0px;}<\/style>\n<h2 id=\"initiation-degustation\" class=\"kt-adv-heading1056_f0510a-f6 wp-block-kadence-advancedheading\" data-kb-block=\"kb-adv-heading1056_f0510a-f6\"><strong><mark style=\"background-color:rgba(0, 0, 0, 0);color:#9fb475\" class=\"has-inline-color\">Battle<\/mark><\/strong><\/h2>\n\n\n<style>.wp-block-kadence-advancedheading.kt-adv-heading1056_597789-92, .wp-block-kadence-advancedheading.kt-adv-heading1056_597789-92[data-kb-block=\"kb-adv-heading1056_597789-92\"]{font-size:16px;line-height:20px;font-weight:400;font-style:normal;}.wp-block-kadence-advancedheading.kt-adv-heading1056_597789-92 mark.kt-highlight, .wp-block-kadence-advancedheading.kt-adv-heading1056_597789-92[data-kb-block=\"kb-adv-heading1056_597789-92\"] mark.kt-highlight{font-style:normal;color:#f76a0c;-webkit-box-decoration-break:clone;box-decoration-break:clone;padding-top:0px;padding-right:0px;padding-bottom:0px;padding-left:0px;}<\/style>\n<h3 class=\"kt-adv-heading1056_597789-92 wp-block-kadence-advancedheading\" data-kb-block=\"kb-adv-heading1056_597789-92\">Vous d\u00e9gusterez 3 x 2 vins \u00e0 l&rsquo;aveugle. Pour chaque battle, vous voterez pour celui que vous pr\u00e9f\u00e9rez. <\/h3>\n\n\n<style>.wp-block-kadence-advancedheading.kt-adv-heading1056_982422-b6, .wp-block-kadence-advancedheading.kt-adv-heading1056_982422-b6[data-kb-block=\"kb-adv-heading1056_982422-b6\"]{font-size:16px;line-height:20px;font-weight:400;font-style:normal;}.wp-block-kadence-advancedheading.kt-adv-heading1056_982422-b6 mark.kt-highlight, .wp-block-kadence-advancedheading.kt-adv-heading1056_982422-b6[data-kb-block=\"kb-adv-heading1056_982422-b6\"] mark.kt-highlight{font-style:normal;color:#f76a0c;-webkit-box-decoration-break:clone;box-decoration-break:clone;padding-top:0px;padding-right:0px;padding-bottom:0px;padding-left:0px;}<\/style>\n<h3 class=\"kt-adv-heading1056_982422-b6 wp-block-kadence-advancedheading\" data-kb-block=\"kb-adv-heading1056_982422-b6\">A la fin nous d\u00e9voilerons le camp vainqueur !<\/h3>\n\n\n\n<div class=\"wp-block-buttons is-layout-flex wp-block-buttons-is-layout-flex\">\n<div class=\"wp-block-button is-style-outline hvr-grow is-style-outline--1\"><a class=\"wp-block-button__link wp-element-button\" href=\"http:\/\/vinisfera.fr\/contact\">R\u00e9server<\/a><\/div>\n<\/div>\n<\/div><\/div>\n\n\n\n<div class=\"wp-block-media-text alignwide is-stacked-on-mobile is-vertically-aligned-top is-image-fill\" style=\"grid-template-columns:36% auto\" id=\"qui-est-ce\"><figure class=\"wp-block-media-text__media\" style=\"background-image:url(https:\/\/vinisfera.fr\/wp-content\/uploads\/2023\/11\/still-life-50572_1280-648x1024.jpg);background-position:44% 44%\"><img decoding=\"async\" width=\"648\" height=\"1024\" src=\"https:\/\/vinisfera.fr\/wp-content\/uploads\/2023\/11\/still-life-50572_1280-648x1024.jpg\" alt=\"\" class=\"wp-image-1058 size-full\" srcset=\"https:\/\/vinisfera.fr\/wp-content\/uploads\/2023\/11\/still-life-50572_1280-648x1024.jpg 648w, https:\/\/vinisfera.fr\/wp-content\/uploads\/2023\/11\/still-life-50572_1280-190x300.jpg 190w, https:\/\/vinisfera.fr\/wp-content\/uploads\/2023\/11\/still-life-50572_1280-768x1214.jpg 768w, https:\/\/vinisfera.fr\/wp-content\/uploads\/2023\/11\/still-life-50572_1280.jpg 810w\" sizes=\"(max-width: 648px) 100vw, 648px\" \/><\/figure><div class=\"wp-block-media-text__content\"><style>.wp-block-kadence-advancedheading.kt-adv-heading1056_25d68f-ae, .wp-block-kadence-advancedheading.kt-adv-heading1056_25d68f-ae[data-kb-block=\"kb-adv-heading1056_25d68f-ae\"]{font-size:25px;font-style:normal;}.wp-block-kadence-advancedheading.kt-adv-heading1056_25d68f-ae mark.kt-highlight, .wp-block-kadence-advancedheading.kt-adv-heading1056_25d68f-ae[data-kb-block=\"kb-adv-heading1056_25d68f-ae\"] mark.kt-highlight{font-style:normal;color:#f76a0c;-webkit-box-decoration-break:clone;box-decoration-break:clone;padding-top:0px;padding-right:0px;padding-bottom:0px;padding-left:0px;}<\/style>\n<h2 id=\"vins-doux\" class=\"kt-adv-heading1056_25d68f-ae wp-block-kadence-advancedheading\" data-kb-block=\"kb-adv-heading1056_25d68f-ae\"><strong><mark style=\"background-color:rgba(0, 0, 0, 0);color:#9fb475\" class=\"has-inline-color\">Qui est-ce ? <\/mark><\/strong><\/h2>\n\n\n\n<p>Vous d\u00e9gusterez 6 vins \u00e0 l&rsquo;aveugle, et devrez replacer chacun dans une liste ou sur une carte. <\/p>\n\n\n\n<p>En fonction des connaissances de chacun, des indices pourront \u00eatre donn\u00e9s. <\/p>\n\n\n\n<div class=\"wp-block-buttons is-layout-flex wp-block-buttons-is-layout-flex\">\n<div class=\"wp-block-button is-style-outline hvr-grow is-style-outline--2\"><a class=\"wp-block-button__link wp-element-button\" href=\"http:\/\/vinisfera.fr\/contact\">R\u00e9server<\/a><\/div>\n<\/div>\n<\/div><\/div>\n","protected":false},"excerpt":{"rendered":"<p>Dans ces ateliers, vous jouez en solo ou en \u00e9quipe, au choix. Les th\u00e9matiques seront adapt\u00e9es \u00e0 vos connaissances du vin afin que tout le monde puisse participer et prendre du plaisir. On peut jouer autour des c\u00e9pages, des r\u00e9gions, &hellip; <a href=\"https:\/\/vinisfera.fr\/degustation-vin\/ateliers-jouer\/\">Lire la suite\u00ad\u00ad<\/a><\/p>\n","protected":false},"author":1,"featured_media":0,"parent":0,"menu_order":0,"comment_status":"closed","ping_status":"closed","template":"","meta":{"om_disable_all_campaigns":false,"kt_blocks_editor_width":"","_monsterinsights_skip_tracking":false,"_monsterinsights_sitenote_active":false,"_monsterinsights_sitenote_note":"","_monsterinsights_sitenote_category":0,"footnotes":""},"class_list":["post-1056","page","type-page","status-publish","hentry"],"aioseo_notices":[],"_links":{"self":[{"href":"https:\/\/vinisfera.fr\/degustation-vin\/wp-json\/wp\/v2\/pages\/1056","targetHints":{"allow":["GET"]}}],"collection":[{"href":"https:\/\/vinisfera.fr\/degustation-vin\/wp-json\/wp\/v2\/pages"}],"about":[{"href":"https:\/\/vinisfera.fr\/degustation-vin\/wp-json\/wp\/v2\/types\/page"}],"author":[{"embeddable":true,"href":"https:\/\/vinisfera.fr\/degustation-vin\/wp-json\/wp\/v2\/users\/1"}],"replies":[{"embeddable":true,"href":"https:\/\/vinisfera.fr\/degustation-vin\/wp-json\/wp\/v2\/comments?post=1056"}],"version-history":[{"count":3,"href":"https:\/\/vinisfera.fr\/degustation-vin\/wp-json\/wp\/v2\/pages\/1056\/revisions"}],"predecessor-version":[{"id":1063,"href":"https:\/\/vinisfera.fr\/degustation-vin\/wp-json\/wp\/v2\/pages\/1056\/revisions\/1063"}],"wp:attachment":[{"href":"https:\/\/vinisfera.fr\/degustation-vin\/wp-json\/wp\/v2\/media?parent=1056"}],"curies":[{"name":"wp","href":"https:\/\/api.w.org\/{rel}","templated":true}]}}