{"id":205,"date":"2021-11-01T18:37:16","date_gmt":"2021-11-01T17:37:16","guid":{"rendered":"http:\/\/vinisfera.fr\/?page_id=205"},"modified":"2024-02-11T12:04:51","modified_gmt":"2024-02-11T11:04:51","slug":"ateliers-cepage","status":"publish","type":"page","link":"https:\/\/vinisfera.fr\/degustation-vin\/ateliers-cepage\/","title":{"rendered":"Ateliers C\u00e9page"},"content":{"rendered":"\n<p><strong>Dans ces ateliers, vous explorerez les diff\u00e9rentes facettes d&rsquo;un c\u00e9page selon la g\u00e9ographie, le terroir mais aussi la personnalit\u00e9 des vignerons.<\/strong><\/p>\n\n\n\n<div class=\"wp-block-media-text alignwide is-stacked-on-mobile is-vertically-aligned-top is-image-fill\" style=\"grid-template-columns:36% auto\" id=\"chenin\"><figure class=\"wp-block-media-text__media\" style=\"background-image:url(https:\/\/vinisfera.fr\/wp-content\/uploads\/2022\/11\/VS.png);background-position:49% 41%\"><img fetchpriority=\"high\" decoding=\"async\" width=\"930\" height=\"523\" src=\"https:\/\/vinisfera.fr\/wp-content\/uploads\/2022\/11\/VS.png\" alt=\"\" class=\"wp-image-731 size-full\" srcset=\"https:\/\/vinisfera.fr\/wp-content\/uploads\/2022\/11\/VS.png 930w, https:\/\/vinisfera.fr\/wp-content\/uploads\/2022\/11\/VS-300x169.png 300w, https:\/\/vinisfera.fr\/wp-content\/uploads\/2022\/11\/VS-768x432.png 768w\" sizes=\"(max-width: 930px) 100vw, 930px\" \/><\/figure><div class=\"wp-block-media-text__content\"><style>.wp-block-kadence-advancedheading.kt-adv-heading205_2f690a-e6, .wp-block-kadence-advancedheading.kt-adv-heading205_2f690a-e6[data-kb-block=\"kb-adv-heading205_2f690a-e6\"]{font-size:25px;font-style:normal;}.wp-block-kadence-advancedheading.kt-adv-heading205_2f690a-e6 mark.kt-highlight, .wp-block-kadence-advancedheading.kt-adv-heading205_2f690a-e6[data-kb-block=\"kb-adv-heading205_2f690a-e6\"] mark.kt-highlight{font-style:normal;color:#f76a0c;-webkit-box-decoration-break:clone;box-decoration-break:clone;padding-top:0px;padding-right:0px;padding-bottom:0px;padding-left:0px;}<\/style>\n<h2 id=\"france-vs-monde\" class=\"kt-adv-heading205_2f690a-e6 wp-block-kadence-advancedheading\" data-kb-block=\"kb-adv-heading205_2f690a-e6\"><strong><mark style=\"background-color:rgba(0, 0, 0, 0);color:#9fb475\" class=\"has-inline-color\">France vs Monde : d\u00e9gustations crois\u00e9es<\/mark><\/strong><\/h2>\n\n\n<style>.wp-block-kadence-advancedheading.kt-adv-heading205_50607d-45, .wp-block-kadence-advancedheading.kt-adv-heading205_50607d-45[data-kb-block=\"kb-adv-heading205_50607d-45\"]{font-size:16px;line-height:20px;font-weight:400;font-style:normal;}.wp-block-kadence-advancedheading.kt-adv-heading205_50607d-45 mark.kt-highlight, .wp-block-kadence-advancedheading.kt-adv-heading205_50607d-45[data-kb-block=\"kb-adv-heading205_50607d-45\"] mark.kt-highlight{font-style:normal;color:#f76a0c;-webkit-box-decoration-break:clone;box-decoration-break:clone;padding-top:0px;padding-right:0px;padding-bottom:0px;padding-left:0px;}<\/style>\n<h3 class=\"kt-adv-heading205_50607d-45 wp-block-kadence-advancedheading\" data-kb-block=\"kb-adv-heading205_50607d-45\">Aujourd&rsquo;hui, on parle de c\u00e9pages internationaux pour d\u00e9signer le Chardonnay, le Merlot, la Syrah etc. Mais en r\u00e9alit\u00e9 ce sont des c\u00e9pages fran\u00e7ais, qui ont \u00e9t\u00e9 implant\u00e9s partout dans le monde. Avec, souvent d&rsquo;ailleurs, un grand succ\u00e8s. Prenons 3 c\u00e9pages et amusons-nous \u00e0 comparer leur expression en France et \u00e0 l&rsquo;\u00e9tranger.  <\/h3>\n\n\n\n<div class=\"wp-block-buttons is-layout-flex wp-block-buttons-is-layout-flex\">\n<div class=\"wp-block-button is-style-outline hvr-grow is-style-outline--1\"><a class=\"wp-block-button__link wp-element-button\" href=\"http:\/\/vinisfera.fr\/contact\">R\u00e9server<\/a><\/div>\n<\/div>\n<\/div><\/div>\n\n\n\n<div class=\"wp-block-media-text alignwide is-stacked-on-mobile is-vertically-aligned-top is-image-fill\" style=\"grid-template-columns:36% auto\" id=\"chenin\"><figure class=\"wp-block-media-text__media\" style=\"background-image:url(https:\/\/vinisfera.fr\/wp-content\/uploads\/2024\/02\/grapes_780px_fitbox_1000x600.jpg);background-position:50% 50%\"><img decoding=\"async\" width=\"734\" height=\"388\" src=\"https:\/\/vinisfera.fr\/wp-content\/uploads\/2024\/02\/grapes_780px_fitbox_1000x600.jpg\" alt=\"\" class=\"wp-image-1159 size-full\" srcset=\"https:\/\/vinisfera.fr\/wp-content\/uploads\/2024\/02\/grapes_780px_fitbox_1000x600.jpg 734w, https:\/\/vinisfera.fr\/wp-content\/uploads\/2024\/02\/grapes_780px_fitbox_1000x600-300x159.jpg 300w\" sizes=\"(max-width: 734px) 100vw, 734px\" \/><\/figure><div class=\"wp-block-media-text__content\"><style>.wp-block-kadence-advancedheading.kt-adv-heading205_c9e842-40, .wp-block-kadence-advancedheading.kt-adv-heading205_c9e842-40[data-kb-block=\"kb-adv-heading205_c9e842-40\"]{font-size:25px;font-style:normal;}.wp-block-kadence-advancedheading.kt-adv-heading205_c9e842-40 mark.kt-highlight, .wp-block-kadence-advancedheading.kt-adv-heading205_c9e842-40[data-kb-block=\"kb-adv-heading205_c9e842-40\"] mark.kt-highlight{font-style:normal;color:#f76a0c;-webkit-box-decoration-break:clone;box-decoration-break:clone;padding-top:0px;padding-right:0px;padding-bottom:0px;padding-left:0px;}<\/style>\n<h2 id=\"france-vs-monde\" class=\"kt-adv-heading205_c9e842-40 wp-block-kadence-advancedheading\" data-kb-block=\"kb-adv-heading205_c9e842-40\"><strong><mark style=\"background-color:rgba(0, 0, 0, 0);color:#9fb475\" class=\"has-inline-color\">C\u00e9pages rares<\/mark><\/strong><\/h2>\n\n\n<style>.wp-block-kadence-advancedheading.kt-adv-heading205_cbdb03-e5, .wp-block-kadence-advancedheading.kt-adv-heading205_cbdb03-e5[data-kb-block=\"kb-adv-heading205_cbdb03-e5\"]{font-size:16px;line-height:20px;font-weight:400;font-style:normal;}.wp-block-kadence-advancedheading.kt-adv-heading205_cbdb03-e5 mark.kt-highlight, .wp-block-kadence-advancedheading.kt-adv-heading205_cbdb03-e5[data-kb-block=\"kb-adv-heading205_cbdb03-e5\"] mark.kt-highlight{font-style:normal;color:#f76a0c;-webkit-box-decoration-break:clone;box-decoration-break:clone;padding-top:0px;padding-right:0px;padding-bottom:0px;padding-left:0px;}<\/style>\n<h3 class=\"kt-adv-heading205_cbdb03-e5 wp-block-kadence-advancedheading\" data-kb-block=\"kb-adv-heading205_cbdb03-e5\">Aujourd&rsquo;hui, plus de 250 c\u00e9pages sont autoris\u00e9s en France. Pourtant, 10 c\u00e9pages constituent \u00e0 eux seuls 70 % du vignoble fran\u00e7ais ! Dans cet atelier, nous d\u00e9couvrirons des c\u00e9pages rares, oubli\u00e9s, \u00ab\u00a0modestes\u00a0\u00bb, qui subsistent dans une r\u00e9gion pr\u00e9cise avec une poign\u00e9e d&rsquo;hectares. Ce sera l&rsquo;occasion de parler histoire,  biodiversit\u00e9 et avenir du vin&#8230;<\/h3>\n\n\n\n<div class=\"wp-block-buttons is-layout-flex wp-block-buttons-is-layout-flex\">\n<div class=\"wp-block-button is-style-outline hvr-grow is-style-outline--2\"><a class=\"wp-block-button__link wp-element-button\" href=\"http:\/\/vinisfera.fr\/contact\">R\u00e9server<\/a><\/div>\n<\/div>\n<\/div><\/div>\n\n\n\n<div class=\"wp-block-media-text alignwide is-stacked-on-mobile is-vertically-aligned-top is-image-fill\" style=\"grid-template-columns:36% auto\" id=\"chenin\"><figure class=\"wp-block-media-text__media\" style=\"background-image:url(https:\/\/vinisfera.fr\/wp-content\/uploads\/2022\/11\/Brouilly-1024x683.jpg);background-position:0% 47%\"><img decoding=\"async\" width=\"1024\" height=\"683\" src=\"https:\/\/vinisfera.fr\/wp-content\/uploads\/2022\/11\/Brouilly-1024x683.jpg\" alt=\"\" class=\"wp-image-728 size-full\" srcset=\"https:\/\/vinisfera.fr\/wp-content\/uploads\/2022\/11\/Brouilly-1024x683.jpg 1024w, https:\/\/vinisfera.fr\/wp-content\/uploads\/2022\/11\/Brouilly-300x200.jpg 300w, https:\/\/vinisfera.fr\/wp-content\/uploads\/2022\/11\/Brouilly-768x512.jpg 768w, https:\/\/vinisfera.fr\/wp-content\/uploads\/2022\/11\/Brouilly-1536x1024.jpg 1536w, https:\/\/vinisfera.fr\/wp-content\/uploads\/2022\/11\/Brouilly.jpg 1920w\" sizes=\"(max-width: 1024px) 100vw, 1024px\" \/><\/figure><div class=\"wp-block-media-text__content\"><style>.wp-block-kadence-advancedheading.kt-adv-heading205_abea31-c8, .wp-block-kadence-advancedheading.kt-adv-heading205_abea31-c8[data-kb-block=\"kb-adv-heading205_abea31-c8\"]{font-size:25px;font-style:normal;}.wp-block-kadence-advancedheading.kt-adv-heading205_abea31-c8 mark.kt-highlight, .wp-block-kadence-advancedheading.kt-adv-heading205_abea31-c8[data-kb-block=\"kb-adv-heading205_abea31-c8\"] mark.kt-highlight{font-style:normal;color:#f76a0c;-webkit-box-decoration-break:clone;box-decoration-break:clone;padding-top:0px;padding-right:0px;padding-bottom:0px;padding-left:0px;}<\/style>\n<h2 id=\"gamay\" class=\"kt-adv-heading205_abea31-c8 wp-block-kadence-advancedheading\" data-kb-block=\"kb-adv-heading205_abea31-c8\"><strong><mark style=\"background-color:rgba(0, 0, 0, 0);color:#9fb475\" class=\"has-inline-color\">Le Gamay, une r\u00e9habilitation s&rsquo;impose !<\/mark><\/strong><\/h2>\n\n\n<style>.wp-block-kadence-advancedheading.kt-adv-heading205_1ee287-a1, .wp-block-kadence-advancedheading.kt-adv-heading205_1ee287-a1[data-kb-block=\"kb-adv-heading205_1ee287-a1\"]{font-size:16px;line-height:20px;font-weight:400;font-style:normal;}.wp-block-kadence-advancedheading.kt-adv-heading205_1ee287-a1 mark.kt-highlight, .wp-block-kadence-advancedheading.kt-adv-heading205_1ee287-a1[data-kb-block=\"kb-adv-heading205_1ee287-a1\"] mark.kt-highlight{font-style:normal;color:#f76a0c;-webkit-box-decoration-break:clone;box-decoration-break:clone;padding-top:0px;padding-right:0px;padding-bottom:0px;padding-left:0px;}<\/style>\n<h3 id=\"gamay\" class=\"kt-adv-heading205_1ee287-a1 wp-block-kadence-advancedheading\" data-kb-block=\"kb-adv-heading205_1ee287-a1\">Oubliez le Beaujolais nouveau et les cubis de gros rouge ! Nous parlerons bien s\u00fbr du Beaujolais&#8230; mais surtout des crus comme Morgon, Juli\u00e9nas, Brouilly, Moulin-\u00e0-Vent. Le Gamay y est roi, entre vins de copains, vins de garde et pionniers de la biodynamie. Mais que donne-t-il dans le chaud Roussillon ? ou en Anjou ? C&rsquo;est vraiment un c\u00e9page \u00e0 (re)d\u00e9couvrir&#8230; <\/h3>\n\n\n\n<div class=\"wp-block-buttons is-layout-flex wp-block-buttons-is-layout-flex\">\n<div class=\"wp-block-button is-style-outline hvr-grow is-style-outline--3\"><a class=\"wp-block-button__link wp-element-button\" href=\"http:\/\/vinisfera.fr\/contact\">R\u00e9server<\/a><\/div>\n<\/div>\n<\/div><\/div>\n\n\n\n<div class=\"wp-block-media-text alignwide is-stacked-on-mobile is-vertically-aligned-top is-image-fill\" style=\"grid-template-columns:36% auto\" id=\"chenin\"><figure class=\"wp-block-media-text__media\" style=\"background-image:url(https:\/\/vinisfera.fr\/wp-content\/uploads\/2022\/04\/Meconnus-1-2.png);background-position:50% 60%\"><img loading=\"lazy\" decoding=\"async\" width=\"605\" height=\"350\" src=\"https:\/\/vinisfera.fr\/wp-content\/uploads\/2022\/04\/Meconnus-1-2.png\" alt=\"\" class=\"wp-image-651 size-full\" srcset=\"https:\/\/vinisfera.fr\/wp-content\/uploads\/2022\/04\/Meconnus-1-2.png 605w, https:\/\/vinisfera.fr\/wp-content\/uploads\/2022\/04\/Meconnus-1-2-300x174.png 300w\" sizes=\"(max-width: 605px) 100vw, 605px\" \/><\/figure><div class=\"wp-block-media-text__content\"><style>.wp-block-kadence-advancedheading.kt-adv-heading205_54bed7-37, .wp-block-kadence-advancedheading.kt-adv-heading205_54bed7-37[data-kb-block=\"kb-adv-heading205_54bed7-37\"]{font-size:25px;font-style:normal;}.wp-block-kadence-advancedheading.kt-adv-heading205_54bed7-37 mark.kt-highlight, .wp-block-kadence-advancedheading.kt-adv-heading205_54bed7-37[data-kb-block=\"kb-adv-heading205_54bed7-37\"] mark.kt-highlight{font-style:normal;color:#f76a0c;-webkit-box-decoration-break:clone;box-decoration-break:clone;padding-top:0px;padding-right:0px;padding-bottom:0px;padding-left:0px;}<\/style>\n<h2 id=\"m\u00e9connus-loire-1\" class=\"kt-adv-heading205_54bed7-37 wp-block-kadence-advancedheading\" data-kb-block=\"kb-adv-heading205_54bed7-37\"><strong><span style=\"color:#9fb475\" class=\"has-inline-color\">Les m\u00e9connus du Val de Loire (1)<\/span><\/strong><\/h2>\n\n\n<style>.wp-block-kadence-advancedheading.kt-adv-heading205_026d87-38, .wp-block-kadence-advancedheading.kt-adv-heading205_026d87-38[data-kb-block=\"kb-adv-heading205_026d87-38\"]{font-size:16px;line-height:20px;font-weight:400;font-style:normal;}.wp-block-kadence-advancedheading.kt-adv-heading205_026d87-38 mark.kt-highlight, .wp-block-kadence-advancedheading.kt-adv-heading205_026d87-38[data-kb-block=\"kb-adv-heading205_026d87-38\"] mark.kt-highlight{font-style:normal;color:#f76a0c;-webkit-box-decoration-break:clone;box-decoration-break:clone;padding-top:0px;padding-right:0px;padding-bottom:0px;padding-left:0px;}<\/style>\n<h3 class=\"kt-adv-heading205_026d87-38 wp-block-kadence-advancedheading\" data-kb-block=\"kb-adv-heading205_026d87-38\">D\u00e9couvrez 3 c\u00e9pages qui ont fait l&rsquo;histoire du vignoble du Val de Loire :<\/h3>\n\n\n\n<p>&#8211; <strong>le Romorantin<\/strong>, c\u00e9page blanc exclusif de l&rsquo;AOC Cour-Cheverny<\/p>\n\n\n\n<p>&#8211; <strong>le C\u00f4t<\/strong>, nom local du Malbec, qui reprend vigueur en Touraine<\/p>\n\n\n\n<p>&#8211; <strong>le Pineau d&rsquo;Aunis<\/strong>, c\u00e9page accessoire qui \u00e9tonne en monoc\u00e9page <\/p>\n\n\n\n<div class=\"wp-block-buttons is-layout-flex wp-block-buttons-is-layout-flex\">\n<div class=\"wp-block-button is-style-outline hvr-grow is-style-outline--4\"><a class=\"wp-block-button__link wp-element-button\" href=\"http:\/\/vinisfera.fr\/contact\">R\u00e9server<\/a><\/div>\n<\/div>\n<\/div><\/div>\n\n\n\n<div class=\"wp-block-media-text alignwide is-stacked-on-mobile is-vertically-aligned-top is-image-fill\" style=\"grid-template-columns:36% auto\" id=\"chenin\"><figure class=\"wp-block-media-text__media\" style=\"background-image:url(https:\/\/vinisfera.fr\/wp-content\/uploads\/2023\/05\/Chenin_fan.jpg);background-position:51% 54%\"><img loading=\"lazy\" decoding=\"async\" width=\"564\" height=\"689\" src=\"https:\/\/vinisfera.fr\/wp-content\/uploads\/2023\/05\/Chenin_fan.jpg\" alt=\"\" class=\"wp-image-821 size-full\" srcset=\"https:\/\/vinisfera.fr\/wp-content\/uploads\/2023\/05\/Chenin_fan.jpg 564w, https:\/\/vinisfera.fr\/wp-content\/uploads\/2023\/05\/Chenin_fan-246x300.jpg 246w\" sizes=\"(max-width: 564px) 100vw, 564px\" \/><\/figure><div class=\"wp-block-media-text__content\"><style>.wp-block-kadence-advancedheading.kt-adv-heading205_b029e1-a7, .wp-block-kadence-advancedheading.kt-adv-heading205_b029e1-a7[data-kb-block=\"kb-adv-heading205_b029e1-a7\"]{font-size:25px;font-style:normal;}.wp-block-kadence-advancedheading.kt-adv-heading205_b029e1-a7 mark.kt-highlight, .wp-block-kadence-advancedheading.kt-adv-heading205_b029e1-a7[data-kb-block=\"kb-adv-heading205_b029e1-a7\"] mark.kt-highlight{font-style:normal;color:#f76a0c;-webkit-box-decoration-break:clone;box-decoration-break:clone;padding-top:0px;padding-right:0px;padding-bottom:0px;padding-left:0px;}<\/style>\n<h2 class=\"kt-adv-heading205_b029e1-a7 wp-block-kadence-advancedheading\" data-kb-block=\"kb-adv-heading205_b029e1-a7\"><strong><span style=\"color:#9fb475\" class=\"has-inline-color\">Le Chenin, l&rsquo;or de l&rsquo;Anjou<\/span><\/strong><\/h2>\n\n\n<style>.wp-block-kadence-advancedheading.kt-adv-heading205_3bc3ef-42, .wp-block-kadence-advancedheading.kt-adv-heading205_3bc3ef-42[data-kb-block=\"kb-adv-heading205_3bc3ef-42\"]{font-size:16px;line-height:20px;font-weight:400;font-style:normal;}.wp-block-kadence-advancedheading.kt-adv-heading205_3bc3ef-42 mark.kt-highlight, .wp-block-kadence-advancedheading.kt-adv-heading205_3bc3ef-42[data-kb-block=\"kb-adv-heading205_3bc3ef-42\"] mark.kt-highlight{font-style:normal;color:#f76a0c;-webkit-box-decoration-break:clone;box-decoration-break:clone;padding-top:0px;padding-right:0px;padding-bottom:0px;padding-left:0px;}<\/style>\n<h3 class=\"kt-adv-heading205_3bc3ef-42 wp-block-kadence-advancedheading\" data-kb-block=\"kb-adv-heading205_3bc3ef-42\"><strong>TOUS FANS DE CHENIN !<\/strong><\/h3>\n\n\n<style>.wp-block-kadence-advancedheading.kt-adv-heading205_c56d67-2f, .wp-block-kadence-advancedheading.kt-adv-heading205_c56d67-2f[data-kb-block=\"kb-adv-heading205_c56d67-2f\"]{font-size:16px;line-height:20px;font-weight:400;font-style:normal;}.wp-block-kadence-advancedheading.kt-adv-heading205_c56d67-2f mark.kt-highlight, .wp-block-kadence-advancedheading.kt-adv-heading205_c56d67-2f[data-kb-block=\"kb-adv-heading205_c56d67-2f\"] mark.kt-highlight{font-style:normal;color:#f76a0c;-webkit-box-decoration-break:clone;box-decoration-break:clone;padding-top:0px;padding-right:0px;padding-bottom:0px;padding-left:0px;}<\/style>\n<h3 class=\"kt-adv-heading205_c56d67-2f wp-block-kadence-advancedheading\" data-kb-block=\"kb-adv-heading205_c56d67-2f\">C\u00e9page blanc autochtone du Val de Loire, le Chenin n\u2019est pas aussi connu que d\u2019autres mais les vins qu\u2019il produit sont des perles. De par leurs qualit\u00e9s d\u2019abord, mais aussi par leur infinie diversit\u00e9. Des blancs secs aux liquoreux, de l\u2019Anjou \u00e0 l\u2019Afrique du Sud, explorons ensemble une petite partie de son potentiel. <\/h3>\n\n\n\n<div class=\"wp-block-buttons is-layout-flex wp-block-buttons-is-layout-flex\">\n<div class=\"wp-block-button is-style-outline hvr-grow is-style-outline--5\"><a class=\"wp-block-button__link wp-element-button\" href=\"http:\/\/vinisfera.fr\/contact\">R\u00e9server<\/a><\/div>\n<\/div>\n<\/div><\/div>\n\n\n\n<div class=\"wp-block-media-text alignwide is-stacked-on-mobile is-vertically-aligned-top is-image-fill\" style=\"grid-template-columns:36% auto\" id=\"syrah\"><figure class=\"wp-block-media-text__media\" style=\"background-image:url(http:\/\/vinisfera.fr\/wp-content\/uploads\/2021\/11\/Syrah-1024x731.jpg);background-position:65% 64%\"><img loading=\"lazy\" decoding=\"async\" width=\"1024\" height=\"731\" src=\"http:\/\/vinisfera.fr\/wp-content\/uploads\/2021\/11\/Syrah-1024x731.jpg\" alt=\"\" class=\"wp-image-212 size-full\" srcset=\"https:\/\/vinisfera.fr\/wp-content\/uploads\/2021\/11\/Syrah-1024x731.jpg 1024w, https:\/\/vinisfera.fr\/wp-content\/uploads\/2021\/11\/Syrah-300x214.jpg 300w, https:\/\/vinisfera.fr\/wp-content\/uploads\/2021\/11\/Syrah-768x548.jpg 768w, https:\/\/vinisfera.fr\/wp-content\/uploads\/2021\/11\/Syrah-1536x1097.jpg 1536w, https:\/\/vinisfera.fr\/wp-content\/uploads\/2021\/11\/Syrah.jpg 1920w\" sizes=\"(max-width: 1024px) 100vw, 1024px\" \/><\/figure><div class=\"wp-block-media-text__content\"><style>.wp-block-kadence-advancedheading.kt-adv-heading205_b10997-4b, .wp-block-kadence-advancedheading.kt-adv-heading205_b10997-4b[data-kb-block=\"kb-adv-heading205_b10997-4b\"]{font-size:25px;font-style:normal;}.wp-block-kadence-advancedheading.kt-adv-heading205_b10997-4b mark.kt-highlight, .wp-block-kadence-advancedheading.kt-adv-heading205_b10997-4b[data-kb-block=\"kb-adv-heading205_b10997-4b\"] mark.kt-highlight{font-style:normal;color:#f76a0c;-webkit-box-decoration-break:clone;box-decoration-break:clone;padding-top:0px;padding-right:0px;padding-bottom:0px;padding-left:0px;}<\/style>\n<h2 class=\"kt-adv-heading205_b10997-4b wp-block-kadence-advancedheading\" data-kb-block=\"kb-adv-heading205_b10997-4b\"><strong><span style=\"color:#9fb475\" class=\"has-inline-color\">La Syrah, du Rh\u00f4ne \u00e0 l&rsquo;Australie<\/span><\/strong><\/h2>\n\n\n<style>.wp-block-kadence-advancedheading.kt-adv-heading205_effa3a-bc, .wp-block-kadence-advancedheading.kt-adv-heading205_effa3a-bc[data-kb-block=\"kb-adv-heading205_effa3a-bc\"]{font-size:16px;line-height:20px;font-weight:400;font-style:normal;}.wp-block-kadence-advancedheading.kt-adv-heading205_effa3a-bc mark.kt-highlight, .wp-block-kadence-advancedheading.kt-adv-heading205_effa3a-bc[data-kb-block=\"kb-adv-heading205_effa3a-bc\"] mark.kt-highlight{font-style:normal;color:#f76a0c;-webkit-box-decoration-break:clone;box-decoration-break:clone;padding-top:0px;padding-right:0px;padding-bottom:0px;padding-left:0px;}<\/style>\n<h3 class=\"kt-adv-heading205_effa3a-bc wp-block-kadence-advancedheading\" data-kb-block=\"kb-adv-heading205_effa3a-bc\">N\u00e9e en Ard\u00e8che, la Syrah s\u2019est impos\u00e9e dans toute la vall\u00e9e du Rh\u00f4ne, et jusqu\u2019au contreforts des Pyr\u00e9n\u00e9es. Prise d\u2019envie de voyager, elle a embarqu\u00e9 pour l\u2019Australie o\u00f9 elle a pris le nom de Shiraz. Qu\u2019elle r\u00e8gne sans partage dans ses vins, ou qu\u2019elle vienne en compl\u00e9ment, elle demeure une reine pleine de charme et d\u2019\u00e9l\u00e9gance.<\/h3>\n\n\n\n<div class=\"wp-block-buttons is-layout-flex wp-block-buttons-is-layout-flex\">\n<div class=\"wp-block-button is-style-outline hvr-grow is-style-outline--6\"><a class=\"wp-block-button__link wp-element-button\" href=\"http:\/\/vinisfera.fr\/contact\">R\u00e9server<\/a><\/div>\n<\/div>\n<\/div><\/div>\n\n\n\n<div class=\"wp-block-media-text alignwide is-stacked-on-mobile is-vertically-aligned-top is-image-fill\" style=\"grid-template-columns:36% auto\" id=\"sauvignon\"><figure class=\"wp-block-media-text__media\" style=\"background-image:url(http:\/\/vinisfera.fr\/wp-content\/uploads\/2021\/11\/Sauvignon-NZ-1024x658.jpg);background-position:100% 65%\"><img loading=\"lazy\" decoding=\"async\" width=\"1024\" height=\"658\" src=\"http:\/\/vinisfera.fr\/wp-content\/uploads\/2021\/11\/Sauvignon-NZ-1024x658.jpg\" alt=\"\" class=\"wp-image-214 size-full\" srcset=\"https:\/\/vinisfera.fr\/wp-content\/uploads\/2021\/11\/Sauvignon-NZ-1024x658.jpg 1024w, https:\/\/vinisfera.fr\/wp-content\/uploads\/2021\/11\/Sauvignon-NZ-300x193.jpg 300w, https:\/\/vinisfera.fr\/wp-content\/uploads\/2021\/11\/Sauvignon-NZ-768x494.jpg 768w, https:\/\/vinisfera.fr\/wp-content\/uploads\/2021\/11\/Sauvignon-NZ-1536x987.jpg 1536w, https:\/\/vinisfera.fr\/wp-content\/uploads\/2021\/11\/Sauvignon-NZ-80x50.jpg 80w, https:\/\/vinisfera.fr\/wp-content\/uploads\/2021\/11\/Sauvignon-NZ.jpg 1920w\" sizes=\"(max-width: 1024px) 100vw, 1024px\" \/><\/figure><div class=\"wp-block-media-text__content\"><style>.wp-block-kadence-advancedheading.kt-adv-heading205_99b60a-ae, .wp-block-kadence-advancedheading.kt-adv-heading205_99b60a-ae[data-kb-block=\"kb-adv-heading205_99b60a-ae\"]{font-size:25px;font-style:normal;}.wp-block-kadence-advancedheading.kt-adv-heading205_99b60a-ae mark.kt-highlight, .wp-block-kadence-advancedheading.kt-adv-heading205_99b60a-ae[data-kb-block=\"kb-adv-heading205_99b60a-ae\"] mark.kt-highlight{font-style:normal;color:#f76a0c;-webkit-box-decoration-break:clone;box-decoration-break:clone;padding-top:0px;padding-right:0px;padding-bottom:0px;padding-left:0px;}<\/style>\n<h2 class=\"kt-adv-heading205_99b60a-ae wp-block-kadence-advancedheading\" data-kb-block=\"kb-adv-heading205_99b60a-ae\"><mark style=\"background-color:rgba(0, 0, 0, 0);color:#9fb475\" class=\"has-inline-color\"><strong>Le Sauvignon, la France et la Nouvelle-Z\u00e9lande<\/strong><\/mark><\/h2>\n\n\n<style>.wp-block-kadence-advancedheading.kt-adv-heading205_e5b7ae-0a, .wp-block-kadence-advancedheading.kt-adv-heading205_e5b7ae-0a[data-kb-block=\"kb-adv-heading205_e5b7ae-0a\"]{font-size:16px;line-height:20px;font-weight:400;font-style:normal;}.wp-block-kadence-advancedheading.kt-adv-heading205_e5b7ae-0a mark.kt-highlight, .wp-block-kadence-advancedheading.kt-adv-heading205_e5b7ae-0a[data-kb-block=\"kb-adv-heading205_e5b7ae-0a\"] mark.kt-highlight{font-style:normal;color:#f76a0c;-webkit-box-decoration-break:clone;box-decoration-break:clone;padding-top:0px;padding-right:0px;padding-bottom:0px;padding-left:0px;}<\/style>\n<h3 class=\"kt-adv-heading205_e5b7ae-0a wp-block-kadence-advancedheading\" data-kb-block=\"kb-adv-heading205_e5b7ae-0a\">Le Sauvignon blanc est un c\u00e9page aromatique qui a fait la r\u00e9putation des vins du Centre-Loire comme Sancerre, Pouilly-Fum\u00e9, Reuilly\u2026 Mais savez-vous qu\u2019il entre dans l\u2019assemblage des grands vins doux de  Sauternes et autres ? Qu\u2019il repr\u00e9sente 70% de l\u2019enc\u00e9pagement de Nouvelle-Z\u00e9lande, o\u00f9 il donne des vins explosifs ? C\u2019est ce que nous verrons en d\u00e9tail, en d\u00e9gustant quelques jolies bouteilles.&nbsp; <\/h3>\n\n\n\n<div class=\"wp-block-buttons is-layout-flex wp-block-buttons-is-layout-flex\">\n<div class=\"wp-block-button is-style-outline hvr-grow is-style-outline--7\"><a class=\"wp-block-button__link wp-element-button\" href=\"http:\/\/vinisfera.fr\/contact\">R\u00e9server<\/a><\/div>\n<\/div>\n<\/div><\/div>\n","protected":false},"excerpt":{"rendered":"<p>Dans ces ateliers, vous explorerez les diff\u00e9rentes facettes d&rsquo;un c\u00e9page selon la g\u00e9ographie, le terroir mais aussi la personnalit\u00e9 des vignerons.<\/p>\n","protected":false},"author":1,"featured_media":0,"parent":0,"menu_order":0,"comment_status":"closed","ping_status":"closed","template":"","meta":{"om_disable_all_campaigns":false,"kt_blocks_editor_width":"","_monsterinsights_skip_tracking":false,"_monsterinsights_sitenote_active":false,"_monsterinsights_sitenote_note":"","_monsterinsights_sitenote_category":0,"footnotes":""},"class_list":["post-205","page","type-page","status-publish","hentry"],"aioseo_notices":[],"_links":{"self":[{"href":"https:\/\/vinisfera.fr\/degustation-vin\/wp-json\/wp\/v2\/pages\/205","targetHints":{"allow":["GET"]}}],"collection":[{"href":"https:\/\/vinisfera.fr\/degustation-vin\/wp-json\/wp\/v2\/pages"}],"about":[{"href":"https:\/\/vinisfera.fr\/degustation-vin\/wp-json\/wp\/v2\/types\/page"}],"author":[{"embeddable":true,"href":"https:\/\/vinisfera.fr\/degustation-vin\/wp-json\/wp\/v2\/users\/1"}],"replies":[{"embeddable":true,"href":"https:\/\/vinisfera.fr\/degustation-vin\/wp-json\/wp\/v2\/comments?post=205"}],"version-history":[{"count":43,"href":"https:\/\/vinisfera.fr\/degustation-vin\/wp-json\/wp\/v2\/pages\/205\/revisions"}],"predecessor-version":[{"id":1160,"href":"https:\/\/vinisfera.fr\/degustation-vin\/wp-json\/wp\/v2\/pages\/205\/revisions\/1160"}],"wp:attachment":[{"href":"https:\/\/vinisfera.fr\/degustation-vin\/wp-json\/wp\/v2\/media?parent=205"}],"curies":[{"name":"wp","href":"https:\/\/api.w.org\/{rel}","templated":true}]}}