{"id":306,"date":"2021-11-02T11:37:06","date_gmt":"2021-11-02T10:37:06","guid":{"rendered":"https:\/\/vinisfera.fr\/?page_id=306"},"modified":"2024-10-16T10:32:27","modified_gmt":"2024-10-16T08:32:27","slug":"ateliers-comprendre","status":"publish","type":"page","link":"https:\/\/vinisfera.fr\/degustation-vin\/ateliers-comprendre\/","title":{"rendered":"Ateliers Comprendre le vin"},"content":{"rendered":"\n<p><strong>Dans ces ateliers, nous d\u00e9voilerons un peu des myst\u00e8res de la fabrication du vin, avec un langage simple et des illustrations. Afin d&rsquo;avoir quelques cl\u00e9s pour mieux comprendre ce qui se cache derri\u00e8re les \u00e9tiquettes.  <\/strong> <\/p>\n\n\n\n<div class=\"wp-block-media-text alignwide is-stacked-on-mobile is-vertically-aligned-top is-image-fill\" style=\"grid-template-columns:36% auto\" id=\"initiation\"><figure class=\"wp-block-media-text__media\" style=\"background-image:url(https:\/\/vinisfera.fr\/wp-content\/uploads\/2022\/12\/degustation-817x1024.jpg);background-position:54% 0%\"><img fetchpriority=\"high\" decoding=\"async\" width=\"817\" height=\"1024\" src=\"https:\/\/vinisfera.fr\/wp-content\/uploads\/2022\/12\/degustation-817x1024.jpg\" alt=\"\" class=\"wp-image-765 size-full\" srcset=\"https:\/\/vinisfera.fr\/wp-content\/uploads\/2022\/12\/degustation-817x1024.jpg 817w, https:\/\/vinisfera.fr\/wp-content\/uploads\/2022\/12\/degustation-239x300.jpg 239w, https:\/\/vinisfera.fr\/wp-content\/uploads\/2022\/12\/degustation-768x963.jpg 768w, https:\/\/vinisfera.fr\/wp-content\/uploads\/2022\/12\/degustation-1226x1536.jpg 1226w, https:\/\/vinisfera.fr\/wp-content\/uploads\/2022\/12\/degustation.jpg 1532w\" sizes=\"(max-width: 817px) 100vw, 817px\" \/><\/figure><div class=\"wp-block-media-text__content\"><style>.wp-block-kadence-advancedheading.kt-adv-heading306_33e009-3d, .wp-block-kadence-advancedheading.kt-adv-heading306_33e009-3d[data-kb-block=\"kb-adv-heading306_33e009-3d\"]{font-size:25px;font-style:normal;}.wp-block-kadence-advancedheading.kt-adv-heading306_33e009-3d mark.kt-highlight, .wp-block-kadence-advancedheading.kt-adv-heading306_33e009-3d[data-kb-block=\"kb-adv-heading306_33e009-3d\"] mark.kt-highlight{font-style:normal;color:#f76a0c;-webkit-box-decoration-break:clone;box-decoration-break:clone;padding-top:0px;padding-right:0px;padding-bottom:0px;padding-left:0px;}<\/style>\n<h2 id=\"initiation-degustation\" class=\"kt-adv-heading306_33e009-3d wp-block-kadence-advancedheading\" data-kb-block=\"kb-adv-heading306_33e009-3d\"><strong><mark style=\"background-color:rgba(0, 0, 0, 0);color:#9fb475\" class=\"has-inline-color\">Initiation \u00e0 la d\u00e9gustation<\/mark><\/strong><\/h2>\n\n\n<style>.wp-block-kadence-advancedheading.kt-adv-heading306_f7c4dc-fd, .wp-block-kadence-advancedheading.kt-adv-heading306_f7c4dc-fd[data-kb-block=\"kb-adv-heading306_f7c4dc-fd\"]{font-size:16px;line-height:20px;font-weight:400;font-style:normal;}.wp-block-kadence-advancedheading.kt-adv-heading306_f7c4dc-fd mark.kt-highlight, .wp-block-kadence-advancedheading.kt-adv-heading306_f7c4dc-fd[data-kb-block=\"kb-adv-heading306_f7c4dc-fd\"] mark.kt-highlight{font-style:normal;color:#f76a0c;-webkit-box-decoration-break:clone;box-decoration-break:clone;padding-top:0px;padding-right:0px;padding-bottom:0px;padding-left:0px;}<\/style>\n<h3 class=\"kt-adv-heading306_f7c4dc-fd wp-block-kadence-advancedheading\" data-kb-block=\"kb-adv-heading306_f7c4dc-fd\">Un vin se d\u00e9guste en 3 temps : l&rsquo;observer, le sentir puis le go\u00fbter. Chacune de ces \u00e9tapes fait intervenir un sens, et nous renseigne sur le style de vin et ses modes d&rsquo;\u00e9laboration. Gr\u00e2ce \u00e0 cet atelier, vous deviendrez familier de cette d\u00e9marche qu&rsquo;on appelle la d\u00e9gustation sensorielle. Et vous serez \u00e0 l&rsquo;aise pour d\u00e9crire les vins : l&rsquo;apparence, les ar\u00f4mes, les tannins, le corps&#8230; Un atelier tr\u00e8s utile pour acqu\u00e9rir les fondamentaux, mais aussi tr\u00e8s ludique.<\/h3>\n\n\n\n<div class=\"wp-block-buttons is-layout-flex wp-block-buttons-is-layout-flex\">\n<div class=\"wp-block-button is-style-outline hvr-grow is-style-outline--1\"><a class=\"wp-block-button__link wp-element-button\" href=\"http:\/\/vinisfera.fr\/contact\">R\u00e9server<\/a><\/div>\n<\/div>\n<\/div><\/div>\n\n\n\n<div class=\"wp-block-media-text alignwide is-stacked-on-mobile is-vertically-aligned-top is-image-fill\" style=\"grid-template-columns:36% auto\" id=\"fete\"><figure class=\"wp-block-media-text__media\" style=\"background-image:url(https:\/\/vinisfera.fr\/wp-content\/uploads\/2023\/10\/plate-76362_1280-1024x663.jpg);background-position:92% 59%\"><img decoding=\"async\" width=\"1024\" height=\"663\" src=\"https:\/\/vinisfera.fr\/wp-content\/uploads\/2023\/10\/plate-76362_1280-1024x663.jpg\" alt=\"\" class=\"wp-image-960 size-full\" srcset=\"https:\/\/vinisfera.fr\/wp-content\/uploads\/2023\/10\/plate-76362_1280-1024x663.jpg 1024w, https:\/\/vinisfera.fr\/wp-content\/uploads\/2023\/10\/plate-76362_1280-300x194.jpg 300w, https:\/\/vinisfera.fr\/wp-content\/uploads\/2023\/10\/plate-76362_1280-768x497.jpg 768w, https:\/\/vinisfera.fr\/wp-content\/uploads\/2023\/10\/plate-76362_1280.jpg 1280w\" sizes=\"(max-width: 1024px) 100vw, 1024px\" \/><\/figure><div class=\"wp-block-media-text__content\"><style>.wp-block-kadence-advancedheading.kt-adv-heading306_f9c530-7e, .wp-block-kadence-advancedheading.kt-adv-heading306_f9c530-7e[data-kb-block=\"kb-adv-heading306_f9c530-7e\"]{font-size:25px;font-style:normal;}.wp-block-kadence-advancedheading.kt-adv-heading306_f9c530-7e mark.kt-highlight, .wp-block-kadence-advancedheading.kt-adv-heading306_f9c530-7e[data-kb-block=\"kb-adv-heading306_f9c530-7e\"] mark.kt-highlight{font-style:normal;color:#f76a0c;-webkit-box-decoration-break:clone;box-decoration-break:clone;padding-top:0px;padding-right:0px;padding-bottom:0px;padding-left:0px;}<\/style>\n<h2 id=\"vins-doux\" class=\"kt-adv-heading306_f9c530-7e wp-block-kadence-advancedheading\" data-kb-block=\"kb-adv-heading306_f9c530-7e\"><strong><mark style=\"background-color:rgba(0, 0, 0, 0);color:#9fb475\" class=\"has-inline-color\">Les vins de f\u00eate<\/mark><\/strong><\/h2>\n\n\n\n<p>Quelle diff\u00e9rence entre un Cr\u00e9mant, un Champagne et un p\u00e9tillant naturel ? Qu&rsquo;est-ce qui distingue les Coteaux du Layon des Sauternes ? Ces vins ont-ils un rapport avec le Porto, le Banyuls ou le Pineau des Charentes ? <\/p>\n\n\n\n<p>Une session pour tout savoir les vins effervescents et les vins sucr\u00e9s : les m\u00e9thodes d&rsquo;\u00e9laboration, les r\u00e9gions et appellations, ainsi que le meilleur moment pour les servir.<\/p>\n\n\n\n<div class=\"wp-block-buttons is-layout-flex wp-block-buttons-is-layout-flex\">\n<div class=\"wp-block-button is-style-outline hvr-grow is-style-outline--2\"><a class=\"wp-block-button__link wp-element-button\" href=\"http:\/\/vinisfera.fr\/contact\">R\u00e9server<\/a><\/div>\n<\/div>\n<\/div><\/div>\n\n\n\n<div class=\"wp-block-media-text alignwide is-stacked-on-mobile is-vertically-aligned-top is-image-fill\" style=\"grid-template-columns:36% auto\" id=\"vins-rouges\"><figure class=\"wp-block-media-text__media\" style=\"background-image:url(https:\/\/vinisfera.fr\/wp-content\/uploads\/2021\/11\/Vendange-rouge.jpg);background-position:73% 68%\"><img decoding=\"async\" width=\"1024\" height=\"683\" src=\"https:\/\/vinisfera.fr\/wp-content\/uploads\/2021\/11\/Vendange-rouge.jpg\" alt=\"\" class=\"wp-image-310 size-full\" srcset=\"https:\/\/vinisfera.fr\/wp-content\/uploads\/2021\/11\/Vendange-rouge.jpg 1024w, https:\/\/vinisfera.fr\/wp-content\/uploads\/2021\/11\/Vendange-rouge-300x200.jpg 300w, https:\/\/vinisfera.fr\/wp-content\/uploads\/2021\/11\/Vendange-rouge-768x512.jpg 768w\" sizes=\"(max-width: 1024px) 100vw, 1024px\" \/><\/figure><div class=\"wp-block-media-text__content\"><style>.wp-block-kadence-advancedheading.kt-adv-heading306_784655-39, .wp-block-kadence-advancedheading.kt-adv-heading306_784655-39[data-kb-block=\"kb-adv-heading306_784655-39\"]{font-size:25px;font-style:normal;}.wp-block-kadence-advancedheading.kt-adv-heading306_784655-39 mark.kt-highlight, .wp-block-kadence-advancedheading.kt-adv-heading306_784655-39[data-kb-block=\"kb-adv-heading306_784655-39\"] mark.kt-highlight{font-style:normal;color:#f76a0c;-webkit-box-decoration-break:clone;box-decoration-break:clone;padding-top:0px;padding-right:0px;padding-bottom:0px;padding-left:0px;}<\/style>\n<h2 class=\"kt-adv-heading306_784655-39 wp-block-kadence-advancedheading\" data-kb-block=\"kb-adv-heading306_784655-39\"><strong><span style=\"color:#9fb475\" class=\"has-inline-color\">L&rsquo;\u00e9laboration des vins rouges<\/span><span style=\"color:#9fb475\" class=\"has-inline-color\"><\/span><\/strong><\/h2>\n\n\n<style>.wp-block-kadence-advancedheading.kt-adv-heading306_b46c81-9d, .wp-block-kadence-advancedheading.kt-adv-heading306_b46c81-9d[data-kb-block=\"kb-adv-heading306_b46c81-9d\"]{font-size:16px;line-height:20px;font-weight:400;font-style:normal;}.wp-block-kadence-advancedheading.kt-adv-heading306_b46c81-9d mark.kt-highlight, .wp-block-kadence-advancedheading.kt-adv-heading306_b46c81-9d[data-kb-block=\"kb-adv-heading306_b46c81-9d\"] mark.kt-highlight{font-style:normal;color:#f76a0c;-webkit-box-decoration-break:clone;box-decoration-break:clone;padding-top:0px;padding-right:0px;padding-bottom:0px;padding-left:0px;}<\/style>\n<h3 class=\"kt-adv-heading306_b46c81-9d wp-block-kadence-advancedheading\" data-kb-block=\"kb-adv-heading306_b46c81-9d\">Le vin est si complexe, chaque bouteille poss\u00e8de ses propres caract\u00e9ristiques. Pourtant, la mati\u00e8re premi\u00e8re est simple : du raisin, et puis c\u2019est tout. Enfin, normalement&#8230; <\/h3>\n\n\n<style>.wp-block-kadence-advancedheading.kt-adv-heading306_a4244b-dd, .wp-block-kadence-advancedheading.kt-adv-heading306_a4244b-dd[data-kb-block=\"kb-adv-heading306_a4244b-dd\"]{font-size:16px;line-height:20px;font-weight:400;font-style:normal;}.wp-block-kadence-advancedheading.kt-adv-heading306_a4244b-dd mark.kt-highlight, .wp-block-kadence-advancedheading.kt-adv-heading306_a4244b-dd[data-kb-block=\"kb-adv-heading306_a4244b-dd\"] mark.kt-highlight{font-style:normal;color:#f76a0c;-webkit-box-decoration-break:clone;box-decoration-break:clone;padding-top:0px;padding-right:0px;padding-bottom:0px;padding-left:0px;}<\/style>\n<h3 class=\"kt-adv-heading306_a4244b-dd wp-block-kadence-advancedheading\" data-kb-block=\"kb-adv-heading306_a4244b-dd\">Dans cet atelier centr\u00e9 sur <strong>les vins rouges<\/strong>, nous passerons en revue les \u00e9tapes principales de vinification et leur impact sur le style du vin. Puis nous d\u00e9gusterons des vins repr\u00e9sentatifs des diff\u00e9rents styles, et d\u00e9taillerons les choix faits par le vigneron. L\u2019occasion d\u2019un joli tour dans la France des c\u00e9pages.<\/h3>\n\n\n\n<div class=\"wp-block-buttons is-layout-flex wp-block-buttons-is-layout-flex\">\n<div class=\"wp-block-button is-style-outline hvr-grow is-style-outline--3\"><a class=\"wp-block-button__link wp-element-button\" href=\"http:\/\/vinisfera.fr\/contact\">R\u00e9server<\/a><\/div>\n<\/div>\n<\/div><\/div>\n\n\n\n<div class=\"wp-block-media-text alignwide is-stacked-on-mobile is-vertically-aligned-top is-image-fill\" style=\"grid-template-columns:36% auto\" id=\"vins-blancs-secs\"><figure class=\"wp-block-media-text__media\" style=\"background-image:url(https:\/\/vinisfera.fr\/wp-content\/uploads\/2021\/11\/Mout-blanc.jpg);background-position:0% 53%\"><img loading=\"lazy\" decoding=\"async\" width=\"1024\" height=\"768\" src=\"https:\/\/vinisfera.fr\/wp-content\/uploads\/2021\/11\/Mout-blanc.jpg\" alt=\"\" class=\"wp-image-311 size-full\" srcset=\"https:\/\/vinisfera.fr\/wp-content\/uploads\/2021\/11\/Mout-blanc.jpg 1024w, https:\/\/vinisfera.fr\/wp-content\/uploads\/2021\/11\/Mout-blanc-300x225.jpg 300w, https:\/\/vinisfera.fr\/wp-content\/uploads\/2021\/11\/Mout-blanc-768x576.jpg 768w\" sizes=\"(max-width: 1024px) 100vw, 1024px\" \/><\/figure><div class=\"wp-block-media-text__content\"><style>.wp-block-kadence-advancedheading.kt-adv-heading306_726dd7-f1, .wp-block-kadence-advancedheading.kt-adv-heading306_726dd7-f1[data-kb-block=\"kb-adv-heading306_726dd7-f1\"]{font-size:25px;font-style:normal;}.wp-block-kadence-advancedheading.kt-adv-heading306_726dd7-f1 mark.kt-highlight, .wp-block-kadence-advancedheading.kt-adv-heading306_726dd7-f1[data-kb-block=\"kb-adv-heading306_726dd7-f1\"] mark.kt-highlight{font-style:normal;color:#f76a0c;-webkit-box-decoration-break:clone;box-decoration-break:clone;padding-top:0px;padding-right:0px;padding-bottom:0px;padding-left:0px;}<\/style>\n<h2 class=\"kt-adv-heading306_726dd7-f1 wp-block-kadence-advancedheading\" data-kb-block=\"kb-adv-heading306_726dd7-f1\"><strong><span style=\"color:#9fb475\" class=\"has-inline-color\"><strong><span style=\"color:#9fb475\" class=\"has-inline-color\">L&rsquo;\u00e9laboration des vins blancs secs<\/span><\/strong><\/span><\/strong> <\/h2>\n\n\n<style>.wp-block-kadence-advancedheading.kt-adv-heading306_340f4a-ec, .wp-block-kadence-advancedheading.kt-adv-heading306_340f4a-ec[data-kb-block=\"kb-adv-heading306_340f4a-ec\"]{font-size:16px;line-height:20px;font-weight:400;font-style:normal;}.wp-block-kadence-advancedheading.kt-adv-heading306_340f4a-ec mark.kt-highlight, .wp-block-kadence-advancedheading.kt-adv-heading306_340f4a-ec[data-kb-block=\"kb-adv-heading306_340f4a-ec\"] mark.kt-highlight{font-style:normal;color:#f76a0c;-webkit-box-decoration-break:clone;box-decoration-break:clone;padding-top:0px;padding-right:0px;padding-bottom:0px;padding-left:0px;}<\/style>\n<h3 class=\"kt-adv-heading306_340f4a-ec wp-block-kadence-advancedheading\" data-kb-block=\"kb-adv-heading306_340f4a-ec\">Le vin est si complexe, chaque bouteille poss\u00e8de ses propres caract\u00e9ristiques. Pourtant, la mati\u00e8re premi\u00e8re est simple : du raisin, et puis c\u2019est tout. Enfin, normalement&#8230; <\/h3>\n\n\n<style>.wp-block-kadence-advancedheading.kt-adv-heading306_2a20f8-01, .wp-block-kadence-advancedheading.kt-adv-heading306_2a20f8-01[data-kb-block=\"kb-adv-heading306_2a20f8-01\"]{font-size:16px;line-height:20px;font-weight:400;font-style:normal;}.wp-block-kadence-advancedheading.kt-adv-heading306_2a20f8-01 mark.kt-highlight, .wp-block-kadence-advancedheading.kt-adv-heading306_2a20f8-01[data-kb-block=\"kb-adv-heading306_2a20f8-01\"] mark.kt-highlight{font-style:normal;color:#f76a0c;-webkit-box-decoration-break:clone;box-decoration-break:clone;padding-top:0px;padding-right:0px;padding-bottom:0px;padding-left:0px;}<\/style>\n<h3 class=\"kt-adv-heading306_2a20f8-01 wp-block-kadence-advancedheading\" data-kb-block=\"kb-adv-heading306_2a20f8-01\">Dans cet atelier centr\u00e9 sur <strong>les vins blancs secs<\/strong>, nous passerons en revue les \u00e9tapes principales de vinification et leur impact sur le style du vin. Puis nous d\u00e9gusterons diff\u00e9rents vins et d\u00e9taillerons les choix faits par le vigneron. L\u2019occasion d\u2019un joli tour dans la France des c\u00e9pages.<\/h3>\n\n\n\n<div class=\"wp-block-buttons is-layout-flex wp-block-buttons-is-layout-flex\">\n<div class=\"wp-block-button is-style-outline hvr-grow is-style-outline--4\"><a class=\"wp-block-button__link wp-element-button\" href=\"http:\/\/vinisfera.fr\/contact\">R\u00e9server<\/a><\/div>\n<\/div>\n<\/div><\/div>\n\n\n\n<div class=\"wp-block-media-text alignwide is-stacked-on-mobile is-vertically-aligned-top is-image-fill\" style=\"grid-template-columns:36% auto\" id=\"vins-doux\"><figure class=\"wp-block-media-text__media\" style=\"background-image:url(https:\/\/vinisfera.fr\/wp-content\/uploads\/2022\/11\/vin-doux-1024x528.jpg);background-position:32% 88%\"><img loading=\"lazy\" decoding=\"async\" width=\"1024\" height=\"528\" src=\"https:\/\/vinisfera.fr\/wp-content\/uploads\/2022\/11\/vin-doux-1024x528.jpg\" alt=\"\" class=\"wp-image-737 size-full\" srcset=\"https:\/\/vinisfera.fr\/wp-content\/uploads\/2022\/11\/vin-doux-1024x528.jpg 1024w, https:\/\/vinisfera.fr\/wp-content\/uploads\/2022\/11\/vin-doux-300x155.jpg 300w, https:\/\/vinisfera.fr\/wp-content\/uploads\/2022\/11\/vin-doux-768x396.jpg 768w, https:\/\/vinisfera.fr\/wp-content\/uploads\/2022\/11\/vin-doux-1536x793.jpg 1536w, https:\/\/vinisfera.fr\/wp-content\/uploads\/2022\/11\/vin-doux.jpg 1562w\" sizes=\"(max-width: 1024px) 100vw, 1024px\" \/><\/figure><div class=\"wp-block-media-text__content\"><style>.wp-block-kadence-advancedheading.kt-adv-heading306_984461-7c, .wp-block-kadence-advancedheading.kt-adv-heading306_984461-7c[data-kb-block=\"kb-adv-heading306_984461-7c\"]{font-size:25px;font-style:normal;}.wp-block-kadence-advancedheading.kt-adv-heading306_984461-7c mark.kt-highlight, .wp-block-kadence-advancedheading.kt-adv-heading306_984461-7c[data-kb-block=\"kb-adv-heading306_984461-7c\"] mark.kt-highlight{font-style:normal;color:#f76a0c;-webkit-box-decoration-break:clone;box-decoration-break:clone;padding-top:0px;padding-right:0px;padding-bottom:0px;padding-left:0px;}<\/style>\n<h2 id=\"vins-doux\" class=\"kt-adv-heading306_984461-7c wp-block-kadence-advancedheading\" data-kb-block=\"kb-adv-heading306_984461-7c\"><strong><mark style=\"background-color:rgba(0, 0, 0, 0);color:#9fb475\" class=\"has-inline-color\">Les vins doux<\/mark><\/strong><\/h2>\n\n\n<style>.wp-block-kadence-advancedheading.kt-adv-heading306_e0dc7e-7b, .wp-block-kadence-advancedheading.kt-adv-heading306_e0dc7e-7b[data-kb-block=\"kb-adv-heading306_e0dc7e-7b\"]{font-size:16px;line-height:20px;font-weight:400;font-style:normal;}.wp-block-kadence-advancedheading.kt-adv-heading306_e0dc7e-7b mark.kt-highlight, .wp-block-kadence-advancedheading.kt-adv-heading306_e0dc7e-7b[data-kb-block=\"kb-adv-heading306_e0dc7e-7b\"] mark.kt-highlight{font-style:normal;color:#f76a0c;-webkit-box-decoration-break:clone;box-decoration-break:clone;padding-top:0px;padding-right:0px;padding-bottom:0px;padding-left:0px;}<\/style>\n<h3 class=\"kt-adv-heading306_e0dc7e-7b wp-block-kadence-advancedheading\" data-kb-block=\"kb-adv-heading306_e0dc7e-7b\">Quel est le point commun entre un Coteau du Layon et un Sauternes&nbsp;? Quelle diff\u00e9rence entre un Muscat de Rivesaltes et un Moscato d&rsquo;Asti ? un Porto et un Pineau des Charentes&nbsp;? Ces vins se ressemblent peu, si ce n\u2019est que tous sont sucr\u00e9s. Nous verrons dans quelles r\u00e9gions ils sont \u00e9labor\u00e9s, quels savoir-faire sp\u00e9cifiques sont mis en \u0153uvre, et \u00e0 quel moment du repas les servir. <\/h3>\n\n\n\n<div class=\"wp-block-buttons is-layout-flex wp-block-buttons-is-layout-flex\">\n<div class=\"wp-block-button is-style-outline hvr-grow is-style-outline--5\"><a class=\"wp-block-button__link wp-element-button\" href=\"http:\/\/vinisfera.fr\/contact\">R\u00e9server<\/a><\/div>\n<\/div>\n<\/div><\/div>\n\n\n\n<div class=\"wp-block-media-text alignwide is-stacked-on-mobile is-vertically-aligned-top is-image-fill\" style=\"grid-template-columns:36% auto\" id=\"vins-naturels\"><figure class=\"wp-block-media-text__media\" style=\"background-image:url(https:\/\/vinisfera.fr\/wp-content\/uploads\/2022\/11\/Vin-naturel.png);background-position:55% 43%\"><img loading=\"lazy\" decoding=\"async\" width=\"305\" height=\"245\" src=\"https:\/\/vinisfera.fr\/wp-content\/uploads\/2022\/11\/Vin-naturel.png\" alt=\"\" class=\"wp-image-734 size-full\" srcset=\"https:\/\/vinisfera.fr\/wp-content\/uploads\/2022\/11\/Vin-naturel.png 305w, https:\/\/vinisfera.fr\/wp-content\/uploads\/2022\/11\/Vin-naturel-300x241.png 300w\" sizes=\"(max-width: 305px) 100vw, 305px\" \/><\/figure><div class=\"wp-block-media-text__content\"><style>.wp-block-kadence-advancedheading.kt-adv-heading306_f90575-5f, .wp-block-kadence-advancedheading.kt-adv-heading306_f90575-5f[data-kb-block=\"kb-adv-heading306_f90575-5f\"]{font-size:25px;font-style:normal;}.wp-block-kadence-advancedheading.kt-adv-heading306_f90575-5f mark.kt-highlight, .wp-block-kadence-advancedheading.kt-adv-heading306_f90575-5f[data-kb-block=\"kb-adv-heading306_f90575-5f\"] mark.kt-highlight{font-style:normal;color:#f76a0c;-webkit-box-decoration-break:clone;box-decoration-break:clone;padding-top:0px;padding-right:0px;padding-bottom:0px;padding-left:0px;}<\/style>\n<h2 id=\"vins-naturels\" class=\"kt-adv-heading306_f90575-5f wp-block-kadence-advancedheading\" data-kb-block=\"kb-adv-heading306_f90575-5f\"><strong><mark style=\"background-color:rgba(0, 0, 0, 0);color:#9fb475\" class=\"has-inline-color\">Les vins naturels <\/mark><\/strong><\/h2>\n\n\n<style>.wp-block-kadence-advancedheading.kt-adv-heading306_baeee8-2b, .wp-block-kadence-advancedheading.kt-adv-heading306_baeee8-2b[data-kb-block=\"kb-adv-heading306_baeee8-2b\"]{font-size:16px;line-height:20px;font-weight:400;font-style:normal;}.wp-block-kadence-advancedheading.kt-adv-heading306_baeee8-2b mark.kt-highlight, .wp-block-kadence-advancedheading.kt-adv-heading306_baeee8-2b[data-kb-block=\"kb-adv-heading306_baeee8-2b\"] mark.kt-highlight{font-style:normal;color:#f76a0c;-webkit-box-decoration-break:clone;box-decoration-break:clone;padding-top:0px;padding-right:0px;padding-bottom:0px;padding-left:0px;}<\/style>\n<h3 class=\"kt-adv-heading306_baeee8-2b wp-block-kadence-advancedheading\" data-kb-block=\"kb-adv-heading306_baeee8-2b\">Le vin est un produit issu de la fermentation de raisins frais. Alors pourquoi parle-t-on de vins \u00ab&nbsp;nature&nbsp;\u00bb&nbsp;? Les autres ne seraient-ils donc pas&nbsp;toujours naturels&nbsp;? Que cache \u2013 ou d\u00e9voile \u2013 cette distinction&nbsp;? Et quelle diff\u00e9rence avec le bio et la biodynamie&nbsp;? Gr\u00e2ce \u00e0 cet atelier, vous y verrez plus clair sur ce qui devient parfois un d\u00e9bat de soci\u00e9t\u00e9. Tout en goutant des cuv\u00e9es tr\u00e8s surprenantes.<\/h3>\n\n\n\n<div class=\"wp-block-buttons is-layout-flex wp-block-buttons-is-layout-flex\">\n<div class=\"wp-block-button is-style-outline hvr-grow is-style-outline--6\"><a class=\"wp-block-button__link wp-element-button\" href=\"http:\/\/vinisfera.fr\/contact\">R\u00e9server<\/a><\/div>\n<\/div>\n<\/div><\/div>\n","protected":false},"excerpt":{"rendered":"<p>Dans ces ateliers, nous d\u00e9voilerons un peu des myst\u00e8res de la fabrication du vin, avec un langage simple et des illustrations. Afin d&rsquo;avoir quelques cl\u00e9s pour mieux comprendre ce qui se cache derri\u00e8re les \u00e9tiquettes.<\/p>\n","protected":false},"author":1,"featured_media":0,"parent":0,"menu_order":0,"comment_status":"closed","ping_status":"closed","template":"","meta":{"om_disable_all_campaigns":false,"kt_blocks_editor_width":"","_monsterinsights_skip_tracking":false,"_monsterinsights_sitenote_active":false,"_monsterinsights_sitenote_note":"","_monsterinsights_sitenote_category":0,"footnotes":""},"class_list":["post-306","page","type-page","status-publish","hentry"],"aioseo_notices":[],"_links":{"self":[{"href":"https:\/\/vinisfera.fr\/degustation-vin\/wp-json\/wp\/v2\/pages\/306","targetHints":{"allow":["GET"]}}],"collection":[{"href":"https:\/\/vinisfera.fr\/degustation-vin\/wp-json\/wp\/v2\/pages"}],"about":[{"href":"https:\/\/vinisfera.fr\/degustation-vin\/wp-json\/wp\/v2\/types\/page"}],"author":[{"embeddable":true,"href":"https:\/\/vinisfera.fr\/degustation-vin\/wp-json\/wp\/v2\/users\/1"}],"replies":[{"embeddable":true,"href":"https:\/\/vinisfera.fr\/degustation-vin\/wp-json\/wp\/v2\/comments?post=306"}],"version-history":[{"count":35,"href":"https:\/\/vinisfera.fr\/degustation-vin\/wp-json\/wp\/v2\/pages\/306\/revisions"}],"predecessor-version":[{"id":1281,"href":"https:\/\/vinisfera.fr\/degustation-vin\/wp-json\/wp\/v2\/pages\/306\/revisions\/1281"}],"wp:attachment":[{"href":"https:\/\/vinisfera.fr\/degustation-vin\/wp-json\/wp\/v2\/media?parent=306"}],"curies":[{"name":"wp","href":"https:\/\/api.w.org\/{rel}","templated":true}]}}