{"id":8,"date":"2021-11-01T10:35:02","date_gmt":"2021-11-01T09:35:02","guid":{"rendered":"http:\/\/vinisfera.fr\/?page_id=8"},"modified":"2024-10-15T13:01:35","modified_gmt":"2024-10-15T11:01:35","slug":"contact","status":"publish","type":"page","link":"https:\/\/vinisfera.fr\/degustation-vin\/contact\/","title":{"rendered":"Informations et r\u00e9servations"},"content":{"rendered":"\n<p>Pour toute <strong>question <\/strong>ou <strong>demande de r\u00e9servation<\/strong>, pour offrir un cours ou vous abonner \u00e0 ma <strong>lettre d&rsquo;actus <\/strong>mensuelle<strong>, <\/strong>utilisez le formulaire ci-dessous. N&rsquo;h\u00e9sitez pas, \u00e7a n&rsquo;engage \u00e0 rien ! Vous pouvez m\u00eame sugg\u00e9rer une th\u00e9matique.<\/p>\n\n\n\n<p>Je peux aussi m&rsquo;adapter \u00e0 une demande sp\u00e9cifique (groupe plus important, nombre de vins, animation en entreprise&#8230;).<\/p>\n\n\n\n<p>Je reprendrai contact avec vous sous 48h. <\/p>\n\n\n\n<p>Contact direct : contact@vinisfera.fr<\/p>\n\n\n<style>.kb-form input.kadence-blocks-field.verify{opacity:0.0;position:absolute;top:0.0;left:0.0;width:0.0;height:0.0;z-index:-1;}<\/style>\n<div class=\"wp-block-kadence-form kadence-form-8_a483d2-76 kb-form-wrap\"><form class=\"kb-form\" action=\"\" method=\"post\"><div class=\"kadence-blocks-form-field kb-field-desk-width-100 kb-input-size-standard\"><label for=\"kb_field_8_a483d2-76_0\">Nom et Pr\u00e9nom<span class=\"required\">*<\/span><\/label><input name=\"kb_field_0\" id=\"kb_field_8_a483d2-76_0\" data-label=\"Nom et Pr\u00e9nom\" type=\"text\" placeholder=\"\" value=\"\" data-type=\"text\" class=\"kb-field kb-text-style-field kb-text-field kb-field-0\" data-required=\"yes\" data-required-message=\"Merci d'indiquer votre nom\"\/><\/div><div class=\"kadence-blocks-form-field kb-form-field-1 kb-field-desk-width-100 kb-input-size-standard\"><label for=\"kb_field_8_a483d2-76_1\">Adresse email<span class=\"required\">*<\/span><\/label><input name=\"kb_field_1\" id=\"kb_field_8_a483d2-76_1\" data-label=\"Adresse email\" type=\"text\" placeholder=\"\" value=\"\" data-type=\"text\" class=\"kb-field kb-text-style-field kb-text-field kb-field-1\" data-required=\"yes\" data-required-message=\"L'adresse email est requise\" data-validation-message=\"L'adresse saisie semble invalide\"\/><\/div><div class=\"kadence-blocks-form-field kb-form-field-2 kb-field-desk-width-100 kb-input-size-standard\"><label for=\"kb_field_8_a483d2-76_2\">T\u00e9l\u00e9phone<\/label><input name=\"kb_field_2\" id=\"kb_field_8_a483d2-76_2\" data-label=\"T\u00e9l\u00e9phone\" type=\"text\" placeholder=\"\" value=\"\" data-type=\"text\" class=\"kb-field kb-text-style-field kb-text-field kb-field-2\" data-required-message=\"L'adresse email est requise\" data-validation-message=\"L'adresse saisie semble invalide\"\/><\/div><div class=\"kadence-blocks-form-field kb-form-field-3 kb-field-desk-width-100 kb-input-size-standard\"><label for=\"kb_field_8_a483d2-76_3\">Votre message<span class=\"required\">*<\/span><\/label><textarea name=\"kb_field_3\" id=\"kb_field_8_a483d2-76_3\" data-label=\"Votre message\" type=\"textarea\" placeholder=\"\" data-type=\"textarea\" class=\"kb-field kb-text-style-field kb-textarea-field kb-field-3\" rows=\"15\" data-required=\"yes\" data-required-message=\"Un message est obligatoire\"><\/textarea><\/div><input type=\"hidden\" name=\"_kb_form_id\" value=\"8_a483d2-76\"\/><input type=\"hidden\" name=\"_kb_form_post_id\" value=\"8\"\/><input type=\"hidden\" name=\"action\" value=\"kb_process_ajax_submit\"\/><input type=\"hidden\" name=\"recaptcha_response\" class=\"kb_recaptcha_response kb_recaptcha_8_a483d2-76\"\/><label class=\"kadence-verify-label\">Email<input class=\"kadence-blocks-field verify\" type=\"text\" name=\"_kb_verify_email\" autocomplete=\"new-password\" aria-hidden=\"true\" placeholder=\"Email\" tabindex=\"-1\" data-1p-ignore=\"true\" data-lpignore=\"true\" \/><\/label><div class=\"kadence-blocks-form-field kb-submit-field kb-field-desk-width-100\"><button class=\"kb-forms-submit button kb-button-size-standard kb-button-width-auto\">Submit<\/button><\/div><\/form><\/div>\n<noscript><div class=\"kadence-blocks-form-message kadence-blocks-form-warning\">Veuillez activer JavaScript dans votre navigateur pour envoyer le formulaire.<\/div><style>.kadence-form-8_a483d2-76 .kadence-blocks-form-field.kb-submit-field { display: none; }<\/style><\/noscript>","protected":false},"excerpt":{"rendered":"<p>Pour toute question ou demande de r\u00e9servation, pour offrir un cours ou vous abonner \u00e0 ma lettre d&rsquo;actus mensuelle, utilisez le formulaire ci-dessous. N&rsquo;h\u00e9sitez pas, \u00e7a n&rsquo;engage \u00e0 rien ! Vous pouvez m\u00eame sugg\u00e9rer une th\u00e9matique. Je peux aussi m&rsquo;adapter &hellip; <a href=\"https:\/\/vinisfera.fr\/degustation-vin\/contact\/\">Lire la suite\u00ad\u00ad<\/a><\/p>\n","protected":false},"author":1,"featured_media":0,"parent":0,"menu_order":0,"comment_status":"closed","ping_status":"closed","template":"","meta":{"om_disable_all_campaigns":false,"kt_blocks_editor_width":"","_monsterinsights_skip_tracking":false,"_monsterinsights_sitenote_active":false,"_monsterinsights_sitenote_note":"","_monsterinsights_sitenote_category":0,"footnotes":""},"class_list":["post-8","page","type-page","status-publish","hentry"],"aioseo_notices":[],"_links":{"self":[{"href":"https:\/\/vinisfera.fr\/degustation-vin\/wp-json\/wp\/v2\/pages\/8","targetHints":{"allow":["GET"]}}],"collection":[{"href":"https:\/\/vinisfera.fr\/degustation-vin\/wp-json\/wp\/v2\/pages"}],"about":[{"href":"https:\/\/vinisfera.fr\/degustation-vin\/wp-json\/wp\/v2\/types\/page"}],"author":[{"embeddable":true,"href":"https:\/\/vinisfera.fr\/degustation-vin\/wp-json\/wp\/v2\/users\/1"}],"replies":[{"embeddable":true,"href":"https:\/\/vinisfera.fr\/degustation-vin\/wp-json\/wp\/v2\/comments?post=8"}],"version-history":[{"count":24,"href":"https:\/\/vinisfera.fr\/degustation-vin\/wp-json\/wp\/v2\/pages\/8\/revisions"}],"predecessor-version":[{"id":1279,"href":"https:\/\/vinisfera.fr\/degustation-vin\/wp-json\/wp\/v2\/pages\/8\/revisions\/1279"}],"wp:attachment":[{"href":"https:\/\/vinisfera.fr\/degustation-vin\/wp-json\/wp\/v2\/media?parent=8"}],"curies":[{"name":"wp","href":"https:\/\/api.w.org\/{rel}","templated":true}]}}