{"id":942,"date":"2023-10-19T10:39:20","date_gmt":"2023-10-19T08:39:20","guid":{"rendered":"https:\/\/vinisfera.fr\/degustation-vin\/?page_id=942"},"modified":"2024-11-04T19:06:51","modified_gmt":"2024-11-04T18:06:51","slug":"mariage","status":"publish","type":"page","link":"https:\/\/vinisfera.fr\/degustation-vin\/mariage\/","title":{"rendered":"Autour du mariage"},"content":{"rendered":"\n<div class=\"wp-block-columns is-layout-flex wp-container-core-columns-is-layout-9d6595d7 wp-block-columns-is-layout-flex\">\n<div class=\"wp-block-column is-layout-flow wp-block-column-is-layout-flow\" style=\"flex-basis:100%\">\n<p class=\"has-text-color has-link-color has-medium-font-size wp-elements-7a7c0f629b55168a313e90f41ad547d1\" style=\"color:#9fb475\"><strong>Dans le contexte d&rsquo;un mariage, Vinisfera propose diff\u00e9rentes prestations pour vous faire plaisir et divertir vos convives. Dans tous les cas, c&rsquo;est l&rsquo;assurance d&rsquo;un moment inoubliable !<\/strong><\/p>\n<\/div>\n<\/div>\n\n\n\n<div class=\"wp-block-media-text has-media-on-the-right is-stacked-on-mobile is-image-fill\" style=\"grid-template-columns:auto 40%\"><div class=\"wp-block-media-text__content\">\n<h1 class=\"wp-block-heading has-text-color\" style=\"color:#bd0000\">EVJF \/ EVG<\/h1>\n\n\n\n<p style=\"font-size:16px\">Pour c\u00e9l\u00e9brer votre enterrement de vie de jeune fille ou de gar\u00e7on, optez pour un atelier de d\u00e9gustation \u00e0 domicile sur la th\u00e9matique de votre choix&nbsp;: ludique, instructif et terriblement savoureux&nbsp;!<\/p>\n\n\n\n<p style=\"font-size:16px\">Si besoin, une salle sur Angers peut \u00eatre lou\u00e9e (en suppl\u00e9ment). <\/p>\n\n\n\n<p style=\"font-size:16px\">Liste de th\u00e9matiques et conditions ici : <a href=\"https:\/\/vinisfera.fr\/degustation-vin\/degustation-a-domicile\/\" target=\"_blank\" rel=\"noopener\" title=\"\">https:\/\/vinisfera.fr\/degustation-vin\/degustation-a-domicile\/<\/a><\/p>\n<\/div><figure class=\"wp-block-media-text__media\" style=\"background-image:url(https:\/\/vinisfera.fr\/wp-content\/uploads\/2023\/10\/EVJF-1-1024x768.jpg);background-position:57% 60%\"><img fetchpriority=\"high\" decoding=\"async\" width=\"1024\" height=\"768\" src=\"https:\/\/vinisfera.fr\/wp-content\/uploads\/2023\/10\/EVJF-1-1024x768.jpg\" alt=\"\" class=\"wp-image-943 size-full\" srcset=\"https:\/\/vinisfera.fr\/wp-content\/uploads\/2023\/10\/EVJF-1-1024x768.jpg 1024w, https:\/\/vinisfera.fr\/wp-content\/uploads\/2023\/10\/EVJF-1-300x225.jpg 300w, https:\/\/vinisfera.fr\/wp-content\/uploads\/2023\/10\/EVJF-1-768x576.jpg 768w, https:\/\/vinisfera.fr\/wp-content\/uploads\/2023\/10\/EVJF-1.jpg 1125w\" sizes=\"(max-width: 1024px) 100vw, 1024px\" \/><\/figure><\/div>\n\n\n\n<hr class=\"wp-block-separator has-alpha-channel-opacity\"\/>\n\n\n\n<div class=\"wp-block-media-text is-stacked-on-mobile is-image-fill\" style=\"grid-template-columns:36% auto\"><figure class=\"wp-block-media-text__media\" style=\"background-image:url(https:\/\/vinisfera.fr\/wp-content\/uploads\/2023\/10\/white-wine-848268_19201-1024x683.jpg);background-position:33% 53%\"><img decoding=\"async\" width=\"1024\" height=\"683\" src=\"https:\/\/vinisfera.fr\/wp-content\/uploads\/2023\/10\/white-wine-848268_19201-1024x683.jpg\" alt=\"\" class=\"wp-image-944 size-full\" srcset=\"https:\/\/vinisfera.fr\/wp-content\/uploads\/2023\/10\/white-wine-848268_19201-1024x683.jpg 1024w, https:\/\/vinisfera.fr\/wp-content\/uploads\/2023\/10\/white-wine-848268_19201-300x200.jpg 300w, https:\/\/vinisfera.fr\/wp-content\/uploads\/2023\/10\/white-wine-848268_19201-768x512.jpg 768w, https:\/\/vinisfera.fr\/wp-content\/uploads\/2023\/10\/white-wine-848268_19201-1536x1024.jpg 1536w, https:\/\/vinisfera.fr\/wp-content\/uploads\/2023\/10\/white-wine-848268_19201.jpg 1920w\" sizes=\"(max-width: 1024px) 100vw, 1024px\" \/><\/figure><div class=\"wp-block-media-text__content\">\n<h1 class=\"wp-block-heading has-text-color\" style=\"color:#bd0000\">S\u00e9lection des vins<\/h1>\n\n\n\n<p style=\"font-size:16px\">Un accompagnement personnalis\u00e9 pour vous aider \u00e0 choisir des vins adapt\u00e9s \u00e0 votre menu et \u00e0 vos pr\u00e9f\u00e9rences.<\/p>\n\n\n\n<p style=\"font-size:16px\">Sur devis en fonction de votre demande. <\/p>\n<\/div><\/div>\n\n\n\n<hr class=\"wp-block-separator has-alpha-channel-opacity\"\/>\n\n\n\n<div class=\"wp-block-media-text has-media-on-the-right is-stacked-on-mobile is-image-fill\" style=\"grid-template-columns:auto 34%\"><div class=\"wp-block-media-text__content\">\n<h1 class=\"wp-block-heading has-text-color\" style=\"color:#bd0000\">Animation sur mesure<\/h1>\n\n\n\n<p style=\"font-size:16px\">&#8211; la veille ou le lendemain du mariage, en petit comit\u00e9&nbsp;: un moment convivial<\/p>\n\n\n\n<p style=\"font-size:16px\">&#8211; lors du cocktail&nbsp;: d\u00e9couverte des vins de la r\u00e9gion, d\u00e9gustation \u00e0 l\u2019aveugle&#8230;<\/p>\n\n\n\n<p style=\"font-size:16px\">Sur devis en fonction de votre demande. <\/p>\n<\/div><figure class=\"wp-block-media-text__media\" style=\"background-image:url(https:\/\/vinisfera.fr\/wp-content\/uploads\/2023\/10\/Mariage.png);background-position:69% 49%\"><img decoding=\"async\" width=\"725\" height=\"487\" src=\"https:\/\/vinisfera.fr\/wp-content\/uploads\/2023\/10\/Mariage.png\" alt=\"\" class=\"wp-image-945 size-full\" srcset=\"https:\/\/vinisfera.fr\/wp-content\/uploads\/2023\/10\/Mariage.png 725w, https:\/\/vinisfera.fr\/wp-content\/uploads\/2023\/10\/Mariage-300x202.png 300w\" sizes=\"(max-width: 725px) 100vw, 725px\" \/><\/figure><\/div>\n","protected":false},"excerpt":{"rendered":"<p>Dans le contexte d&rsquo;un mariage, Vinisfera propose diff\u00e9rentes prestations pour vous faire plaisir et divertir vos convives. Dans tous les cas, c&rsquo;est l&rsquo;assurance d&rsquo;un moment inoubliable ! EVJF \/ EVG Pour c\u00e9l\u00e9brer votre enterrement de vie de jeune fille ou &hellip; <a href=\"https:\/\/vinisfera.fr\/degustation-vin\/mariage\/\">Lire la suite\u00ad\u00ad<\/a><\/p>\n","protected":false},"author":1,"featured_media":0,"parent":0,"menu_order":0,"comment_status":"closed","ping_status":"closed","template":"","meta":{"om_disable_all_campaigns":false,"kt_blocks_editor_width":"","_monsterinsights_skip_tracking":false,"_monsterinsights_sitenote_active":false,"_monsterinsights_sitenote_note":"","_monsterinsights_sitenote_category":0,"footnotes":""},"class_list":["post-942","page","type-page","status-publish","hentry"],"aioseo_notices":[],"_links":{"self":[{"href":"https:\/\/vinisfera.fr\/degustation-vin\/wp-json\/wp\/v2\/pages\/942","targetHints":{"allow":["GET"]}}],"collection":[{"href":"https:\/\/vinisfera.fr\/degustation-vin\/wp-json\/wp\/v2\/pages"}],"about":[{"href":"https:\/\/vinisfera.fr\/degustation-vin\/wp-json\/wp\/v2\/types\/page"}],"author":[{"embeddable":true,"href":"https:\/\/vinisfera.fr\/degustation-vin\/wp-json\/wp\/v2\/users\/1"}],"replies":[{"embeddable":true,"href":"https:\/\/vinisfera.fr\/degustation-vin\/wp-json\/wp\/v2\/comments?post=942"}],"version-history":[{"count":18,"href":"https:\/\/vinisfera.fr\/degustation-vin\/wp-json\/wp\/v2\/pages\/942\/revisions"}],"predecessor-version":[{"id":1297,"href":"https:\/\/vinisfera.fr\/degustation-vin\/wp-json\/wp\/v2\/pages\/942\/revisions\/1297"}],"wp:attachment":[{"href":"https:\/\/vinisfera.fr\/degustation-vin\/wp-json\/wp\/v2\/media?parent=942"}],"curies":[{"name":"wp","href":"https:\/\/api.w.org\/{rel}","templated":true}]}}